{"id":8,"date":"2018-03-16T11:57:39","date_gmt":"2018-03-16T10:57:39","guid":{"rendered":"http:\/\/ofda.archi\/?page_id=8"},"modified":"2020-10-27T11:27:56","modified_gmt":"2020-10-27T10:27:56","slug":"a-propos-de","status":"publish","type":"page","link":"https:\/\/ofda.archi\/?page_id=8","title":{"rendered":"Agence"},"content":{"rendered":"<p class=\"p2\"><b>Fond\u00e9e en 2018 par Odile du Fou, architecte dipl\u00f4m\u00e9e\u00a0d&rsquo;Etat Habilit\u00e9e \u00e0 la Maitrise d&rsquo;Oeuvre en son Nom Propre (DEHMONP), OfDA est une agence d\u2019architecture qui s\u2019attache \u00e0 r\u00e9aliser des projets vari\u00e9s, avec la m\u00eame envie et motivation.<\/b><\/p>\n<p class=\"p1\"><span class=\"s1\">\u2022<span class=\"Apple-converted-space\">\u00a0 <\/span><\/span>Exp\u00e9rience professionnelle :<\/p>\n<p class=\"p1\">Fondatrice et g\u00e9rante Office for Design and Architecture OfDA SARL depuis 2018<\/p>\n<p class=\"p1\">Co-fondatrice et associ\u00e9e le WorkShop SARL 2015-2018 Showroom et espace de vente de jeunes designers europ\u00e9ens \u00e0 Gex (01)\u00a0<i>recherche, s\u00e9lection, rencontre des designers\/artisans, identit\u00e9 visuelle,\u00a0<\/i><i>suivi des premi\u00e8res commandes et mise en place.<\/i><\/p>\n<p class=\"p1\">Co-fondatrice et associ\u00e9e ADDICT ARCHITECTURE SARL 2011-2018 Agence d\u2019architecture bas\u00e9e \u00e0 Gex et Montreuil<\/p>\n<p class=\"p1\">Chef de projet CENCI ET JACQUOT Architectes 2007-2011<\/p>\n<p class=\"p1\"><span class=\"s1\">\u2022<span class=\"Apple-converted-space\">\u00a0 <\/span><\/span>Formation :<\/p>\n<p>2020 : Formation accompagnateur B\u00e2timent Durable Francilien (BdF) dispositif d\u2019accompagnement, d&rsquo;\u00e9valuation et d&rsquo;apprentissage, destin\u00e9 aux op\u00e9rations de construction et de r\u00e9habilitation en \u00cele-de-France<\/p>\n<p class=\"p1\">2007 : Architecte Dipl\u00f4m\u00e9e d\u2019Etat Habilit\u00e9e \u00e0 la Maitrise d\u2019Oeuvre en son Nom Propre, ENSA de Strasbourg, F\u00e9licitations du jury \/ Habiter Ath\u00e8nes : trois projets de logements dans trois contextes diff\u00e9rents, ou comment am\u00e9liorer la qualit\u00e9 de l&rsquo;habitat, dans une ville d\u00e9figur\u00e9e par les caissons des climatiseurs.<\/p>\n<p class=\"p1\">2001 : DEUG de Sciences Economiques et Sociales Universit\u00e9 Versailles St Quentin<\/p>\n<p class=\"p1\"><span class=\"s1\">\u2022<span class=\"Apple-converted-space\">\u00a0 <\/span><\/span>Exp\u00e9riences compl\u00e9mentaires :<\/p>\n<p class=\"p1\">Co-fondatrice et organisatrice d\u2019\u00e9v\u00e8nements artistiques (direction artistique) :\u00a0<i>Festival Aura, \u00e9v\u00e8nement pluridisciplinaire autour de la musique \u00e9lectronique, <\/i><i>la valorisation du patrimoine architectural et les arts sensoriels. Novembre 2017<\/i><\/p>\n<p class=\"p1\">Consultante \u00e9conomie circulaire : Cr\u00e9ation d\u2019une formation \u00abActiver l\u2019Economie Circulaire dans le B\u00e2timent\u00bb en partenariat avec l\u2019agence Wiithaa \u00e0 destination des acteurs du b\u00e2timent &#8211; 2 sessions Septembre 2016 et Juin 2017<\/p>\n<p class=\"p1\"><span class=\"s1\">\u2022<span class=\"Apple-converted-space\">\u00a0 <\/span><\/span>Cr\u00e9ation d\u2019objets, design<\/p>\n<p class=\"p1\"><i>Conception-production d\u2019une table d\u2019ext\u00e9rieur d\u00e9di\u00e9e \u00e0 la pr\u00e9paration de cocktails\u00a0<\/i><i>pr\u00e9sent\u00e9e \u00e0 Now le Off ! Paris Design Week 2015, <\/i><\/p>\n<p class=\"p1\"><i>Conception-production d\u2019un lit-cabane pour enfants destin\u00e9 aux petits logements, <\/i><\/p>\n<p class=\"p1\"><i>Participation \u00e0 l\u2019\u00e9v\u00e8nement collaboratif type makathon \u00abLoungeshare 2014\u00bb :\u00a0<\/i><i>Conception-production d\u2019un fauteuil en upcycling, <\/i><\/p>\n<p class=\"p1\"><i>Cr\u00e9ation d\u2019un robot animateur pour RadioNova.<\/i><\/p>\n<p class=\"p1\"><span class=\"s1\">\u2022<span class=\"Apple-converted-space\">\u00a0 <\/span><\/span>Design de service<\/p>\n<p class=\"p1\"><i>Projet de mise \u00e0 disposition des communs : \u00abCommoners\u00bb lors d\u2019un datathon en \u00e9quipe pluridisciplinaire organis\u00e9 en partenariat avec Paris Habitat. <\/i><i>Prix sp\u00e9cial du jury. Juin 2018<\/i><\/p>\n<div class=\"page\" title=\"Page 2\">\n<div class=\"layoutArea\">\n<div class=\"column\">\n<p>\u2022 Outils virtuels<\/p>\n<p>Archicad, Sketchup, InDesign, Photoshop, Illustrator, WordPress, Facebook, Pinterest, Instagram, Suite Office<\/p>\n<p>\u2022 Outils divers<\/p>\n<p>Imprimante 3D, Outillage manuel, Platines MK2, Machine a\u0300 coudre<\/p>\n<p>\u2022 Inte\u0301re\u0302ts<\/p>\n<p>Business \/ Innovation, Cultures cre\u0301atives au sens large, De\u0301veloppement durable, Sciences sociales, Street Art, Musiques e\u0301lectroniques<\/p>\n<\/div>\n<\/div>\n<\/div>\n","protected":false},"excerpt":{"rendered":"<p>Fond\u00e9e en 2018 par Odile du Fou, architecte dipl\u00f4m\u00e9e\u00a0d&rsquo;Etat Habilit\u00e9e \u00e0 la Maitrise d&rsquo;Oeuvre en son Nom Propre (DEHMONP), OfDA est une agence d\u2019architecture qui s\u2019attache \u00e0 r\u00e9aliser des projets vari\u00e9s, avec la m\u00eame envie et motivation. \u2022\u00a0 Exp\u00e9rience professionnelle : Fondatrice et g\u00e9rante Office for Design and Architecture OfDA SARL depuis 2018 Co-fondatrice et [&hellip;]<\/p>\n","protected":false},"author":1,"featured_media":90,"parent":0,"menu_order":0,"comment_status":"closed","ping_status":"closed","template":"","meta":{"footnotes":""},"class_list":["post-8","page","type-page","status-publish","has-post-thumbnail","hentry"],"_links":{"self":[{"href":"https:\/\/ofda.archi\/index.php?rest_route=\/wp\/v2\/pages\/8"}],"collection":[{"href":"https:\/\/ofda.archi\/index.php?rest_route=\/wp\/v2\/pages"}],"about":[{"href":"https:\/\/ofda.archi\/index.php?rest_route=\/wp\/v2\/types\/page"}],"author":[{"embeddable":true,"href":"https:\/\/ofda.archi\/index.php?rest_route=\/wp\/v2\/users\/1"}],"replies":[{"embeddable":true,"href":"https:\/\/ofda.archi\/index.php?rest_route=%2Fwp%2Fv2%2Fcomments&post=8"}],"version-history":[{"count":17,"href":"https:\/\/ofda.archi\/index.php?rest_route=\/wp\/v2\/pages\/8\/revisions"}],"predecessor-version":[{"id":179,"href":"https:\/\/ofda.archi\/index.php?rest_route=\/wp\/v2\/pages\/8\/revisions\/179"}],"wp:featuredmedia":[{"embeddable":true,"href":"https:\/\/ofda.archi\/index.php?rest_route=\/wp\/v2\/media\/90"}],"wp:attachment":[{"href":"https:\/\/ofda.archi\/index.php?rest_route=%2Fwp%2Fv2%2Fmedia&parent=8"}],"curies":[{"name":"wp","href":"https:\/\/api.w.org\/{rel}","templated":true}]}}