{"id":7,"date":"2018-03-16T11:57:39","date_gmt":"2018-03-16T10:57:39","guid":{"rendered":"http:\/\/ofda.archi\/?page_id=7"},"modified":"2024-09-10T13:58:05","modified_gmt":"2024-09-10T11:58:05","slug":"accueil","status":"publish","type":"page","link":"https:\/\/ofda.archi\/","title":{"rendered":""},"content":{"rendered":"<p>Office for Design and Architecture est une agence d\u2019architecture multi-\u00e9chelles avec une sensibilit\u00e9 forte pour l\u2019\u00e9conomie circulaire et la frugalit\u00e9 durable.<\/p>\n<p>De la construction \u00e0 la r\u00e9habilitation compl\u00e8te, en passant par l\u2019agencement et la cr\u00e9ation d\u2019un concept spatial global, OfDA pense l\u2019architecture, l\u2019espace et l\u2019usage. Le bon sens, l\u2019usager, l\u2019identit\u00e9 contextuelle, la mise en \u0153uvre des mat\u00e9riaux et la ma\u00eetrise de la lumi\u00e8re animent notre d\u00e9marche.<\/p>\n<p>L\u2019objectif : vous conseiller et vous accompagner pour un projet pertinent qui s\u2019inscrit dans la dur\u00e9e, \u00ab de l\u2019objet \u00e0 la ville, du concept \u00e0 la mati\u00e8re \u00bb.<\/p>\n","protected":false},"excerpt":{"rendered":"<p>Office for Design and Architecture est une agence d\u2019architecture multi-\u00e9chelles avec une sensibilit\u00e9 forte pour l\u2019\u00e9conomie circulaire et la frugalit\u00e9 durable. De la construction \u00e0 la r\u00e9habilitation compl\u00e8te, en passant par l\u2019agencement et la cr\u00e9ation d\u2019un concept spatial global, OfDA pense l\u2019architecture, l\u2019espace et l\u2019usage. Le bon sens, l\u2019usager, l\u2019identit\u00e9 contextuelle, la mise en \u0153uvre [&hellip;]<\/p>\n","protected":false},"author":1,"featured_media":199,"parent":0,"menu_order":0,"comment_status":"closed","ping_status":"closed","template":"","meta":{"footnotes":""},"class_list":["post-7","page","type-page","status-publish","has-post-thumbnail","hentry"],"_links":{"self":[{"href":"https:\/\/ofda.archi\/index.php?rest_route=\/wp\/v2\/pages\/7"}],"collection":[{"href":"https:\/\/ofda.archi\/index.php?rest_route=\/wp\/v2\/pages"}],"about":[{"href":"https:\/\/ofda.archi\/index.php?rest_route=\/wp\/v2\/types\/page"}],"author":[{"embeddable":true,"href":"https:\/\/ofda.archi\/index.php?rest_route=\/wp\/v2\/users\/1"}],"replies":[{"embeddable":true,"href":"https:\/\/ofda.archi\/index.php?rest_route=%2Fwp%2Fv2%2Fcomments&post=7"}],"version-history":[{"count":31,"href":"https:\/\/ofda.archi\/index.php?rest_route=\/wp\/v2\/pages\/7\/revisions"}],"predecessor-version":[{"id":211,"href":"https:\/\/ofda.archi\/index.php?rest_route=\/wp\/v2\/pages\/7\/revisions\/211"}],"wp:featuredmedia":[{"embeddable":true,"href":"https:\/\/ofda.archi\/index.php?rest_route=\/wp\/v2\/media\/199"}],"wp:attachment":[{"href":"https:\/\/ofda.archi\/index.php?rest_route=%2Fwp%2Fv2%2Fmedia&parent=7"}],"curies":[{"name":"wp","href":"https:\/\/api.w.org\/{rel}","templated":true}]}}